{"id":3192,"date":"2018-08-03T06:04:16","date_gmt":"2018-08-03T03:04:16","guid":{"rendered":"https:\/\/letgenbio.com\/contact\/"},"modified":"2025-12-29T10:53:15","modified_gmt":"2025-12-29T07:53:15","slug":"contact","status":"publish","type":"page","link":"https:\/\/letgenbio.com\/en\/contact\/","title":{"rendered":"Contact"},"content":{"rendered":"\t\t<div data-elementor-type=\"wp-page\" data-elementor-id=\"3192\" class=\"elementor elementor-3192 elementor-106\">\n\t\t\t\t\t\t<section class=\"elementor-section elementor-top-section elementor-element elementor-element-2b525f6 ts-col-stretched-none ts-bg-color-over-image elementor-section-boxed elementor-section-height-default elementor-section-height-default\" data-id=\"2b525f6\" data-element_type=\"section\">\n\t\t\t\t\t\t<div class=\"elementor-container elementor-column-gap-default\">\n\t\t\t\t\t<div class=\"elementor-column elementor-col-100 elementor-top-column elementor-element elementor-element-b5dfbb0 ts-bg-color-over-image\" data-id=\"b5dfbb0\" data-element_type=\"column\">\n\t\t\t<div class=\"elementor-widget-wrap elementor-element-populated\">\n\t\t\t\t\t\t<div class=\"elementor-element elementor-element-0187ea9 elementor-widget elementor-widget-heading\" data-id=\"0187ea9\" data-element_type=\"widget\" data-widget_type=\"heading.default\">\n\t\t\t\t<div class=\"elementor-widget-container\">\n\t\t\t\t\t<h3 class=\"elementor-heading-title elementor-size-default\">CONTACT INFORMATION<\/h3>\t\t\t\t<\/div>\n\t\t\t\t<\/div>\n\t\t\t\t\t<\/div>\n\t\t<\/div>\n\t\t\t\t\t<\/div>\n\t\t<\/section>\n\t\t\t\t<section class=\"elementor-section elementor-top-section elementor-element elementor-element-9933126 ts-col-stretched-none ts-bg-color-over-image elementor-section-boxed elementor-section-height-default elementor-section-height-default\" data-id=\"9933126\" data-element_type=\"section\">\n\t\t\t\t\t\t<div class=\"elementor-container elementor-column-gap-default\">\n\t\t\t\t\t<div class=\"elementor-column elementor-col-100 elementor-top-column elementor-element elementor-element-3963aa2 ts-bg-color-over-image\" data-id=\"3963aa2\" data-element_type=\"column\">\n\t\t\t<div class=\"elementor-widget-wrap elementor-element-populated\">\n\t\t\t\t\t\t<div class=\"elementor-element elementor-element-f4b4183 elementor-widget elementor-widget-text-editor\" data-id=\"f4b4183\" data-element_type=\"widget\" data-widget_type=\"text-editor.default\">\n\t\t\t\t<div class=\"elementor-widget-container\">\n\t\t\t\t\t\t\t\t\t<p>We are always here for your questions, collaborations, or requests. Our expert team aims to get back to you as soon as possible and provide solutions tailored to your needs. You can reach us using the contact information below.<\/p>\t\t\t\t\t\t\t\t<\/div>\n\t\t\t\t<\/div>\n\t\t\t\t\t<\/div>\n\t\t<\/div>\n\t\t\t\t\t<\/div>\n\t\t<\/section>\n\t\t\t\t<section class=\"elementor-section elementor-top-section elementor-element elementor-element-ad14061 ts-col-stretched-none ts-bg-color-over-image elementor-section-boxed elementor-section-height-default elementor-section-height-default\" data-id=\"ad14061\" data-element_type=\"section\">\n\t\t\t\t\t\t<div class=\"elementor-container elementor-column-gap-default\">\n\t\t\t\t\t<div class=\"elementor-column elementor-col-50 elementor-top-column elementor-element elementor-element-6864bd2 ts-bg-color-over-image\" data-id=\"6864bd2\" data-element_type=\"column\">\n\t\t\t<div class=\"elementor-widget-wrap elementor-element-populated\">\n\t\t\t\t\t\t<div class=\"elementor-element elementor-element-5b07a13 elementor-widget elementor-widget-ts_icon_heading\" data-id=\"5b07a13\" data-element_type=\"widget\" data-widget_type=\"ts_icon_heading.default\">\n\t\t\t\t<div class=\"elementor-widget-container\">\n\t\t\t\t\t\r\n\r\n<div class=\"ts-ihbox ts-ihbox-style-6 ts-ihbox-itype-icon\">\r\n\t<div class=\"ts-sbox-bgimage-layer ts-bgimage-layer\"><\/div>\r\n\t<div class=\"ts-ihbox-wrapper-bg-layer ts-bg-layer\"><\/div>\r\n\t\r\n\t<div class=\"ts-ihbox-inner\">\r\n\t\t<div class=\"ts-ihbox-icon ts-large-icon ts-icon-skincolor\">\r\n\t\t\t<div class=\"ts-ihbox-icon\"><div class=\"ts-ihbox-icon-wrapper\"><i class=\"ti ti-location-pin\"><\/i><\/div><\/div>\t\t<\/div>\r\n\r\n\t\t<div class=\"ts-ihbox-contents\">\r\n\t\t\t<h2 class=\"ts-ihbox-heading\">\r\n\t\t\t\t\t\r\n\t\t\t\t\t\tHead Office\r\n\t\t\t\t\t\r\n\t\t\t\t\t<\/h2>\r\n\t\t\t\t\t\r\n\t\t\t\t\t\t\t<div class=\"ts-ihbox-content\">Head Office: \u00c7\u0131narl\u0131 Neighborhood, Ozan Abay Street, Ege Perla B- Block No: 10, Flat: 141-142, Konak \/ \u0130zmir<\/div>\t\t\t\t\t<\/div><!-- .ts-ihbox-contents -->\r\n\t<\/div>\r\n<\/div>\r\n\r\n\r\n\r\n\t\t\t\t<\/div>\n\t\t\t\t<\/div>\n\t\t\t\t\t<\/div>\n\t\t<\/div>\n\t\t\t\t<div class=\"elementor-column elementor-col-50 elementor-top-column elementor-element elementor-element-0f39b67 ts-bg-color-over-image\" data-id=\"0f39b67\" data-element_type=\"column\">\n\t\t\t<div class=\"elementor-widget-wrap elementor-element-populated\">\n\t\t\t\t\t\t<div class=\"elementor-element elementor-element-3b2f56d elementor-widget elementor-widget-ts_icon_heading\" data-id=\"3b2f56d\" data-element_type=\"widget\" data-widget_type=\"ts_icon_heading.default\">\n\t\t\t\t<div class=\"elementor-widget-container\">\n\t\t\t\t\t\r\n\r\n<div class=\"ts-ihbox ts-ihbox-style-6 ts-ihbox-itype-icon\">\r\n\t<div class=\"ts-sbox-bgimage-layer ts-bgimage-layer\"><\/div>\r\n\t<div class=\"ts-ihbox-wrapper-bg-layer ts-bg-layer\"><\/div>\r\n\t\r\n\t<div class=\"ts-ihbox-inner\">\r\n\t\t<div class=\"ts-ihbox-icon ts-large-icon ts-icon-skincolor\">\r\n\t\t\t<div class=\"ts-ihbox-icon\"><div class=\"ts-ihbox-icon-wrapper\"><i class=\"ti ti-headphone\"><\/i><\/div><\/div>\t\t<\/div>\r\n\r\n\t\t<div class=\"ts-ihbox-contents\">\r\n\t\t\t<h2 class=\"ts-ihbox-heading\">\r\n\t\t\t\t\t\r\n\t\t\t\t\t\tPhone Numbers\r\n\t\t\t\t\t\r\n\t\t\t\t\t<\/h2>\r\n\t\t\t\t\t\r\n\t\t\t\t\t\t\t<div class=\"ts-ihbox-content\">+90 850 441 29 87 <br>\n+90 535 830 05 60<\/div>\t\t\t\t\t<\/div><!-- .ts-ihbox-contents -->\r\n\t<\/div>\r\n<\/div>\r\n\r\n\r\n\r\n\t\t\t\t<\/div>\n\t\t\t\t<\/div>\n\t\t\t\t\t<\/div>\n\t\t<\/div>\n\t\t\t\t\t<\/div>\n\t\t<\/section>\n\t\t\t\t<section class=\"elementor-section elementor-top-section elementor-element elementor-element-da79bd5 ts-col-stretched-none ts-bg-color-over-image elementor-section-boxed elementor-section-height-default elementor-section-height-default\" data-id=\"da79bd5\" data-element_type=\"section\">\n\t\t\t\t\t\t<div class=\"elementor-container elementor-column-gap-default\">\n\t\t\t\t\t<div class=\"elementor-column elementor-col-50 elementor-top-column elementor-element elementor-element-b8a9c45 ts-bg-color-over-image\" data-id=\"b8a9c45\" data-element_type=\"column\">\n\t\t\t<div class=\"elementor-widget-wrap elementor-element-populated\">\n\t\t\t\t\t\t<div class=\"elementor-element elementor-element-246fc28 elementor-widget elementor-widget-ts_icon_heading\" data-id=\"246fc28\" data-element_type=\"widget\" data-widget_type=\"ts_icon_heading.default\">\n\t\t\t\t<div class=\"elementor-widget-container\">\n\t\t\t\t\t\r\n\r\n<div class=\"ts-ihbox ts-ihbox-style-6 ts-ihbox-itype-icon\">\r\n\t<div class=\"ts-sbox-bgimage-layer ts-bgimage-layer\"><\/div>\r\n\t<div class=\"ts-ihbox-wrapper-bg-layer ts-bg-layer\"><\/div>\r\n\t\r\n\t<div class=\"ts-ihbox-inner\">\r\n\t\t<div class=\"ts-ihbox-icon ts-large-icon ts-icon-skincolor\">\r\n\t\t\t<div class=\"ts-ihbox-icon\"><div class=\"ts-ihbox-icon-wrapper\"><i class=\"ti ti-email\"><\/i><\/div><\/div>\t\t<\/div>\r\n\r\n\t\t<div class=\"ts-ihbox-contents\">\r\n\t\t\t<h2 class=\"ts-ihbox-heading\">\r\n\t\t\t\t\t\r\n\t\t\t\t\t\t\t\nEmail\r\n\t\t\t\t\t\r\n\t\t\t\t\t<\/h2>\r\n\t\t\t\t\t\r\n\t\t\t\t\t\t\t<div class=\"ts-ihbox-content\">info@letgenbio.com<\/div>\t\t\t\t\t<\/div><!-- .ts-ihbox-contents -->\r\n\t<\/div>\r\n<\/div>\r\n\r\n\r\n\r\n\t\t\t\t<\/div>\n\t\t\t\t<\/div>\n\t\t\t\t\t<\/div>\n\t\t<\/div>\n\t\t\t\t<div class=\"elementor-column elementor-col-50 elementor-top-column elementor-element elementor-element-ade6066 ts-bg-color-over-image\" data-id=\"ade6066\" data-element_type=\"column\">\n\t\t\t<div class=\"elementor-widget-wrap elementor-element-populated\">\n\t\t\t\t\t\t<div class=\"elementor-element elementor-element-f07f84f elementor-widget elementor-widget-ts_icon_heading\" data-id=\"f07f84f\" data-element_type=\"widget\" data-widget_type=\"ts_icon_heading.default\">\n\t\t\t\t<div class=\"elementor-widget-container\">\n\t\t\t\t\t\r\n\r\n<div class=\"ts-ihbox ts-ihbox-style-6 ts-ihbox-itype-icon\">\r\n\t<div class=\"ts-sbox-bgimage-layer ts-bgimage-layer\"><\/div>\r\n\t<div class=\"ts-ihbox-wrapper-bg-layer ts-bg-layer\"><\/div>\r\n\t\r\n\t<div class=\"ts-ihbox-inner\">\r\n\t\t<div class=\"ts-ihbox-icon ts-large-icon ts-icon-skincolor\">\r\n\t\t\t<div class=\"ts-ihbox-icon\"><div class=\"ts-ihbox-icon-wrapper\"><i class=\"ti ti-settings\"><\/i><\/div><\/div>\t\t<\/div>\r\n\r\n\t\t<div class=\"ts-ihbox-contents\">\r\n\t\t\t<h2 class=\"ts-ihbox-heading\">\r\n\t\t\t\t\t\r\n\t\t\t\t\t\t\nWorking Hours\r\n\t\t\t\t\t\r\n\t\t\t\t\t<\/h2>\r\n\t\t\t\t\t\r\n\t\t\t\t\t\t\t<div class=\"ts-ihbox-content\">Every weekday 09:00 - 18:00<\/div>\t\t\t\t\t<\/div><!-- .ts-ihbox-contents -->\r\n\t<\/div>\r\n<\/div>\r\n\r\n\r\n\r\n\t\t\t\t<\/div>\n\t\t\t\t<\/div>\n\t\t\t\t\t<\/div>\n\t\t<\/div>\n\t\t\t\t\t<\/div>\n\t\t<\/section>\n\t\t\t\t<section class=\"elementor-section elementor-top-section elementor-element elementor-element-ea60fe4 elementor-section-stretched ts-col-stretched-none ts-bg-color-over-image elementor-section-boxed elementor-section-height-default elementor-section-height-default\" data-id=\"ea60fe4\" data-element_type=\"section\" data-settings=\"{&quot;stretch_section&quot;:&quot;section-stretched&quot;}\">\n\t\t\t\t\t\t<div class=\"elementor-container elementor-column-gap-no\">\n\t\t\t\t\t<div class=\"elementor-column elementor-col-100 elementor-top-column elementor-element elementor-element-ab044f7 ts-bg-color-over-image\" data-id=\"ab044f7\" data-element_type=\"column\">\n\t\t\t<div class=\"elementor-widget-wrap elementor-element-populated\">\n\t\t\t\t\t\t<div class=\"elementor-element elementor-element-6f464ab elementor-widget elementor-widget-spacer\" data-id=\"6f464ab\" data-element_type=\"widget\" data-widget_type=\"spacer.default\">\n\t\t\t\t<div class=\"elementor-widget-container\">\n\t\t\t\t\t\t\t<div class=\"elementor-spacer\">\n\t\t\t<div class=\"elementor-spacer-inner\"><\/div>\n\t\t<\/div>\n\t\t\t\t\t\t<\/div>\n\t\t\t\t<\/div>\n\t\t\t\t<div class=\"elementor-element elementor-element-ae87dc3 elementor-widget elementor-widget-heading\" data-id=\"ae87dc3\" data-element_type=\"widget\" id=\"gorusme\" data-widget_type=\"heading.default\">\n\t\t\t\t<div class=\"elementor-widget-container\">\n\t\t\t\t\t<h2 class=\"elementor-heading-title elementor-size-default\">Schedule Online Meeting<\/h2>\t\t\t\t<\/div>\n\t\t\t\t<\/div>\n\t\t\t\t<div class=\"elementor-element elementor-element-e34064c elementor-widget elementor-widget-text-editor\" data-id=\"e34064c\" data-element_type=\"widget\" data-widget_type=\"text-editor.default\">\n\t\t\t\t<div class=\"elementor-widget-container\">\n\t\t\t\t\t\t\t\t\t<div class=\"elementor-element elementor-element-29b0b39 elementor-widget elementor-widget-text-editor\" data-id=\"29b0b39\" data-element_type=\"widget\" data-widget_type=\"text-editor.default\"><div class=\"elementor-widget-container\"><strong>This is a Microsoft Teams web conference. After your meeting request is approved, a Microsoft Teams meeting invitation will be sent to your email. <\/strong><\/div><\/div><div class=\"elementor-element elementor-element-2a599bb elementor-widget elementor-widget-text-editor\" data-id=\"2a599bb\" data-element_type=\"widget\" data-widget_type=\"text-editor.default\"><div class=\"elementor-widget-container\"><ul><li>Select the date and time range you would like to meet.<\/li><li>To assign you the most suitable consultant, please share the topics you would like to discuss with us in the details section.<\/li><\/ul><\/div><\/div><div class=\"elementor-element elementor-element-e4ee877 elementor-widget elementor-widget-wp-widget-bookingwidget\" data-id=\"e4ee877\" data-element_type=\"widget\" data-widget_type=\"wp-widget-bookingwidget.default\"><div class=\"elementor-widget-container\"><div class=\"jupiterx-widget widget_bookingwidget\"><div class=\"jupiterx-widget-content\"><div class=\"widget_wpdev_booking wpdevelop months_num_in_row_1\"> <\/div><\/div><\/div><\/div><\/div>\t\t\t\t\t\t\t\t<\/div>\n\t\t\t\t<\/div>\n\t\t\t\t<div class=\"elementor-element elementor-element-30a1fb7 elementor-widget elementor-widget-html\" data-id=\"30a1fb7\" data-element_type=\"widget\" data-widget_type=\"html.default\">\n\t\t\t\t<div class=\"elementor-widget-container\">\n\t\t\t\t\t<div id=\"kvkk-wrapper\">\n<p>\nTo proceed with the reservation process, you must confirm that you have read the <a href=\"https:\/\/letgenbio.com\/aydinlatma-metni\/\" target=\"_blank\">Drawing Information<\/a>.\n<\/p>\n\n<label style=\"display:flex; gap:8px; align-items:center;\"> \n<input type=\"checkbox\" id=\"kvkkCheck\"> \n<span>I have read, I accept.<\/span> \n<\/label>\n<\/div>\n\n<div id=\"booking-wrapper\" style=\"pointer-events:none; opacity:0.3;\">\n    <iframe src=\"https:\/\/outlook.office.com\/book\/LetgenBiyoteknoloji@letgenbio.com\/?ismsaljsauthenabled\"\n            width=\"100%\" height=\"1800\" style=\"border:0;\"><\/iframe>\n<\/div>\n\n<script>\ndocument.getElementById(\"kvkkCheck\").addEventListener(\"change\", function () {\n    const booking = document.getElementById(\"booking-wrapper\");\n\n    if (this.checked) {\n        booking.style.pointerEvents = \"auto\";\n        booking.style.opacity = \"1\";\n    } else {\n        booking.style.pointerEvents = \"none\";\n        booking.style.opacity = \"0.3\";\n    }\n});\n<\/script>\n\t\t\t\t<\/div>\n\t\t\t\t<\/div>\n\t\t\t\t<div class=\"elementor-element elementor-element-0c0f2da elementor-widget elementor-widget-spacer\" data-id=\"0c0f2da\" data-element_type=\"widget\" data-widget_type=\"spacer.default\">\n\t\t\t\t<div class=\"elementor-widget-container\">\n\t\t\t\t\t\t\t<div class=\"elementor-spacer\">\n\t\t\t<div class=\"elementor-spacer-inner\"><\/div>\n\t\t<\/div>\n\t\t\t\t\t\t<\/div>\n\t\t\t\t<\/div>\n\t\t\t\t\t<\/div>\n\t\t<\/div>\n\t\t\t\t\t<\/div>\n\t\t<\/section>\n\t\t\t\t<div class=\"elementor-section elementor-top-section elementor-element elementor-element-1113699 elementor-section-full_width elementor-section-stretched ts-col-stretched-none ts-bg-color-over-image elementor-section-height-default elementor-section-height-default\" data-id=\"1113699\" data-element_type=\"section\" data-settings=\"{&quot;stretch_section&quot;:&quot;section-stretched&quot;}\">\n\t\t\t\t\t\t<div class=\"elementor-container elementor-column-gap-no\">\n\t\t\t\t\t<div class=\"elementor-column elementor-col-100 elementor-top-column elementor-element elementor-element-b94e2fc ts-bg-color-over-image\" data-id=\"b94e2fc\" data-element_type=\"column\">\n\t\t\t<div class=\"elementor-widget-wrap elementor-element-populated\">\n\t\t\t\t\t\t<div class=\"elementor-element elementor-element-154a397 elementor-widget elementor-widget-spacer\" data-id=\"154a397\" data-element_type=\"widget\" data-widget_type=\"spacer.default\">\n\t\t\t\t<div class=\"elementor-widget-container\">\n\t\t\t\t\t\t\t<div class=\"elementor-spacer\">\n\t\t\t<div class=\"elementor-spacer-inner\"><\/div>\n\t\t<\/div>\n\t\t\t\t\t\t<\/div>\n\t\t\t\t<\/div>\n\t\t\t\t<div class=\"elementor-element elementor-element-c9dafcc elementor-widget elementor-widget-heading\" data-id=\"c9dafcc\" data-element_type=\"widget\" data-widget_type=\"heading.default\">\n\t\t\t\t<div class=\"elementor-widget-container\">\n\t\t\t\t\t<h2 class=\"elementor-heading-title elementor-size-default\">Head Office Address<\/h2>\t\t\t\t<\/div>\n\t\t\t\t<\/div>\n\t\t\t\t<div class=\"elementor-element elementor-element-2dd651e elementor-widget elementor-widget-spacer\" data-id=\"2dd651e\" data-element_type=\"widget\" data-widget_type=\"spacer.default\">\n\t\t\t\t<div class=\"elementor-widget-container\">\n\t\t\t\t\t\t\t<div class=\"elementor-spacer\">\n\t\t\t<div class=\"elementor-spacer-inner\"><\/div>\n\t\t<\/div>\n\t\t\t\t\t\t<\/div>\n\t\t\t\t<\/div>\n\t\t\t\t<div class=\"elementor-element elementor-element-c4ae9a4 elementor-widget elementor-widget-google_maps\" data-id=\"c4ae9a4\" data-element_type=\"widget\" data-widget_type=\"google_maps.default\">\n\t\t\t\t<div class=\"elementor-widget-container\">\n\t\t\t\t\t\t\t<div class=\"elementor-custom-embed\">\n\t\t\t<iframe loading=\"lazy\"\n\t\t\t\t\tsrc=\"https:\/\/maps.google.com\/maps?q=ege%20perla&#038;t=m&#038;z=17&#038;output=embed&#038;iwloc=near\"\n\t\t\t\t\ttitle=\"ege perla\"\n\t\t\t\t\taria-label=\"ege perla\"\n\t\t\t><\/iframe>\n\t\t<\/div>\n\t\t\t\t\t\t<\/div>\n\t\t\t\t<\/div>\n\t\t\t\t\t<\/div>\n\t\t<\/div>\n\t\t\t\t\t<\/div>\n\t\t<\/div>\n\t\t\t\t<div class=\"elementor-section elementor-top-section elementor-element elementor-element-4a367f9 elementor-section-full_width elementor-section-stretched ts-col-stretched-none ts-bg-color-over-image elementor-section-height-default elementor-section-height-default\" data-id=\"4a367f9\" data-element_type=\"section\" data-settings=\"{&quot;stretch_section&quot;:&quot;section-stretched&quot;}\">\n\t\t\t\t\t\t<div class=\"elementor-container elementor-column-gap-no\">\n\t\t\t\t\t<div class=\"elementor-column elementor-col-100 elementor-top-column elementor-element elementor-element-9bc01c2 ts-bg-color-over-image\" data-id=\"9bc01c2\" data-element_type=\"column\">\n\t\t\t<div class=\"elementor-widget-wrap elementor-element-populated\">\n\t\t\t\t\t\t<div class=\"elementor-element elementor-element-7000450 elementor-widget elementor-widget-spacer\" data-id=\"7000450\" data-element_type=\"widget\" data-widget_type=\"spacer.default\">\n\t\t\t\t<div class=\"elementor-widget-container\">\n\t\t\t\t\t\t\t<div class=\"elementor-spacer\">\n\t\t\t<div class=\"elementor-spacer-inner\"><\/div>\n\t\t<\/div>\n\t\t\t\t\t\t<\/div>\n\t\t\t\t<\/div>\n\t\t\t\t<div class=\"elementor-element elementor-element-fe1f9f7 elementor-widget elementor-widget-heading\" data-id=\"fe1f9f7\" data-element_type=\"widget\" data-widget_type=\"heading.default\">\n\t\t\t\t<div class=\"elementor-widget-container\">\n\t\t\t\t\t<h2 class=\"elementor-heading-title elementor-size-default\">Distribution Center Address<\/h2>\t\t\t\t<\/div>\n\t\t\t\t<\/div>\n\t\t\t\t<div class=\"elementor-element elementor-element-7e77091 elementor-widget elementor-widget-spacer\" data-id=\"7e77091\" data-element_type=\"widget\" data-widget_type=\"spacer.default\">\n\t\t\t\t<div class=\"elementor-widget-container\">\n\t\t\t\t\t\t\t<div class=\"elementor-spacer\">\n\t\t\t<div class=\"elementor-spacer-inner\"><\/div>\n\t\t<\/div>\n\t\t\t\t\t\t<\/div>\n\t\t\t\t<\/div>\n\t\t\t\t<div class=\"elementor-element elementor-element-548b110 elementor-widget elementor-widget-google_maps\" data-id=\"548b110\" data-element_type=\"widget\" data-widget_type=\"google_maps.default\">\n\t\t\t\t<div class=\"elementor-widget-container\">\n\t\t\t\t\t\t\t<div class=\"elementor-custom-embed\">\n\t\t\t<iframe loading=\"lazy\"\n\t\t\t\t\tsrc=\"https:\/\/maps.google.com\/maps?q=LETGENPRO%20YA%C5%9EAM%20B%C4%B0L%C4%B0MLER%C4%B0%20ANON%C4%B0M%20%C5%9E%C4%B0RKET%C4%B0&#038;t=m&#038;z=17&#038;output=embed&#038;iwloc=near\"\n\t\t\t\t\ttitle=\"LETGENPRO YA\u015eAM B\u0130L\u0130MLER\u0130 ANON\u0130M \u015e\u0130RKET\u0130\"\n\t\t\t\t\taria-label=\"LETGENPRO YA\u015eAM B\u0130L\u0130MLER\u0130 ANON\u0130M \u015e\u0130RKET\u0130\"\n\t\t\t><\/iframe>\n\t\t<\/div>\n\t\t\t\t\t\t<\/div>\n\t\t\t\t<\/div>\n\t\t\t\t\t<\/div>\n\t\t<\/div>\n\t\t\t\t\t<\/div>\n\t\t<\/div>\n\t\t\t\t<\/div>\n\t\t","protected":false},"excerpt":{"rendered":"<p>CONTACT INFORMATION We are always here for your questions, collaborations, or requests. Our expert team aims to get back to you as soon as possible and provide solutions tailored to your needs. You can reach us using the contact information below. Head Office Head Office: \u00c7\u0131narl\u0131 Neighborhood, Ozan Abay Street, Ege Perla B- Block No: &hellip; <a href=\"https:\/\/letgenbio.com\/en\/contact\/\" class=\"more-link\" title=\"Continue reading <span class=\"screen-reader-text\">Contact<\/span>&#8220;>Continue reading <span class=\"screen-reader-text\">Contact<\/span><\/a><\/p>\n","protected":false},"author":1,"featured_media":0,"parent":0,"menu_order":28,"comment_status":"closed","ping_status":"closed","template":"","meta":{"inline_featured_image":false,"footnotes":""},"class_list":["post-3192","page","type-page","status-publish","hentry"],"_links":{"self":[{"href":"https:\/\/letgenbio.com\/en\/wp-json\/wp\/v2\/pages\/3192","targetHints":{"allow":["GET"]}}],"collection":[{"href":"https:\/\/letgenbio.com\/en\/wp-json\/wp\/v2\/pages"}],"about":[{"href":"https:\/\/letgenbio.com\/en\/wp-json\/wp\/v2\/types\/page"}],"author":[{"embeddable":true,"href":"https:\/\/letgenbio.com\/en\/wp-json\/wp\/v2\/users\/1"}],"replies":[{"embeddable":true,"href":"https:\/\/letgenbio.com\/en\/wp-json\/wp\/v2\/comments?post=3192"}],"version-history":[{"count":9,"href":"https:\/\/letgenbio.com\/en\/wp-json\/wp\/v2\/pages\/3192\/revisions"}],"predecessor-version":[{"id":4076,"href":"https:\/\/letgenbio.com\/en\/wp-json\/wp\/v2\/pages\/3192\/revisions\/4076"}],"wp:attachment":[{"href":"https:\/\/letgenbio.com\/en\/wp-json\/wp\/v2\/media?parent=3192"}],"curies":[{"name":"wp","href":"https:\/\/api.w.org\/{rel}","templated":true}]}}