{"id":3157,"date":"2025-08-11T23:33:25","date_gmt":"2025-08-11T20:33:25","guid":{"rendered":"https:\/\/letgenbio.com\/email-communication-privacy-and-disclosure-text\/"},"modified":"2025-10-02T21:08:18","modified_gmt":"2025-10-02T18:08:18","slug":"email-communication-privacy-and-disclosure-text","status":"publish","type":"page","link":"https:\/\/letgenbio.com\/en\/email-communication-privacy-and-disclosure-text\/","title":{"rendered":"Email Communication Privacy and Disclosure Text"},"content":{"rendered":"\n<p><strong>TURKISH:<\/strong><\/p>\n\n<p>Bu ileti gizli bilgi i\u00e7ermektedir ve yaln\u0131zca ad\u0131 ge\u00e7en ki\u015fiye g\u00f6nderilmek istenmi\u015ftir. E\u011fer siz ad\u0131 ge\u00e7en al\u0131c\u0131 de\u011filseniz bu e-postay\u0131 yaymamal\u0131, da\u011f\u0131tmamal\u0131 ve kopyalamamal\u0131s\u0131n\u0131z. E\u011fer bu e-postaya yanl\u0131\u015fl\u0131kla alm\u0131\u015fsan\u0131z, l\u00fctfen g\u00f6ndereni e-posta yoluyla ivedilikle haberdar ediniz ve bu e-postay\u0131 sisteminizden siliniz. Bilgi engellenmi\u015f, bozulmu\u015f, kaybedilmi\u015f, yok edilmi\u015f ge\u00e7 ya da eksik ula\u015fm\u0131\u015f olabilece\u011finden ya da vir\u00fcs i\u00e7erebilece\u011finden, e-posta iletiminin g\u00fcvenli ya da hatas\u0131z olmas\u0131 garanti edilemez. G\u00f6nderen, bu nedenle e-posta iletiminin bir sonucu olarak ortaya \u00e7\u0131kan bu iletinin i\u00e7eri\u011findeki herhangi bir hata ya da eksiklik dolay\u0131s\u0131yla sorumluluk kabul etmemektedir.<\/p>\n\n<p>\u0130\u015fbu e-posta ileti\u015fimi yoluyla Letgen Biyoteknoloji taraf\u0131ndan 6998 s. Ki\u015fisel Verilerin Korunmas\u0131 Kanunu kapsam\u0131nda i\u015flenebilecek Kimlik, \u0130leti\u015fim, \u00d6zl\u00fck kategorilerindeki (Ad\/Soyad\u0131, E-Posta Adresi, Telefon Numaras\u0131, \u0130\u015fyeri Adresi, \u0130\u015f Pozisyonu\/ Unvan vb.) ki\u015fisel verileriniz; ileti\u015fim faaliyetlerinin y\u00fcr\u00fct\u00fclmesi, i\u015f faaliyetlerinin y\u00fcr\u00fct\u00fclmesi\/ denetimi, i\u015f s\u00fcreklili\u011finin sa\u011flanmas\u0131 faaliyetlerinin y\u00fcr\u00fct\u00fclmesi, mal\/ hizmet sat\u0131n alma faaliyetlerinin y\u00fcr\u00fct\u00fclmesi, mal\/ hizmet sat\u0131\u015f faaliyetlerinin y\u00fcr\u00fct\u00fclmesi, mal\/ hizmet sat\u0131\u015f sonras\u0131 destek verilmesi faaliyetlerinin y\u00fcr\u00fct\u00fclmesi, m\u00fc\u015fteri ili\u015fkileri y\u00f6netimi s\u00fcre\u00e7lerinin y\u00fcr\u00fct\u00fclmesi, tedarik zinciri y\u00f6netimi faaliyetlerinin y\u00fcr\u00fct\u00fclmesi, tedarik\u00e7i ili\u015fkileri y\u00f6netimi s\u00fcre\u00e7lerinin y\u00fcr\u00fct\u00fclmesi gibi ama\u00e7larla s\u0131n\u0131rl\u0131 ve \u201cBir s\u00f6zle\u015fmenin kurulmas\u0131 veya ifas\u0131yla do\u011frudan do\u011fruya ilgili olmas\u0131 kayd\u0131yla, s\u00f6zle\u015fmenin taraflar\u0131na ait ki\u015fisel verilerin i\u015flenmesinin gerekli olmas\u0131\u201d hukuki sebebine dayal\u0131 olarak i\u015flenmekte ve gerekli oldu\u011fu takdirde ayn\u0131 ama\u00e7 ve hukuki sebeplerle ilgili i\u015f ortaklar\u0131m\u0131z, ger\u00e7ek ki\u015filer veya \u00f6zel hukuk t\u00fczel ki\u015fileri yahut yetkili ki\u015fi, kamu kurum ve kurulu\u015flar\u0131na aktar\u0131labilmektedir. Konu hakk\u0131nda detayl\u0131 bilgi edinebilmek i\u00e7in www.letgenbio.com adresinde yer alan Ki\u015fisel Verilerin Korunmas\u0131 ve \u0130\u015flenmesi Politikam\u0131z\u0131 inceleyebilirsiniz.<\/p>\n\n<p><strong>ENGLISH:<\/strong><\/p>\n\n<p>This message contains confidential information and is intended only for the individual named. If you are not the named addressee you should not disseminate, distribute or copy this e-mail. Please notify the sender immediately by email if you have received this e-mail by mistake and delete this e-mail from your system. E-mail transmission cannot be guaranteed to be secure or error-free, as information could be intercepted lost, destroyed, arrive late or incomplete, or contain viruses. Letgen, therefore, does not accept liability for any errors or omissions in the contents of this message which arise as a result of e-mail transmission.<\/p>\n\n<p>By Letgen Biotechnology via this e-mail communication, your personal data in the categories of Identity, Communication, Personnel (Name \/ Surname, E-Mail Address, Telephone Number, Workplace Address, Job Position \/ Title, etc.) that can be processed in accordance with the Personal Data Protection Law No. 6698; to conduct communication activities, to conduct and monitor business activities, to conduct business continuity ensuring activities, to conduct good\/service sales and purchase processes, providing after-sales support for goods\/services, to conduct customer relationship management processes and supply chain management. It is processed based on the legal reason \u201d In case it is necessary to process the personal data of the parties to the contract, provided that it is directly related to the conclusion or performance of a contract\u201d. If necessary, it can be transferred to our business partners, natural persons, or private law legal entities or authorized persons, public institutions, and organizations for the same purposes and legal reasons. You can review our Personal Data Protection and Processing Policy for detailed information on the subject at www.letgenbio.com.<\/p>\n","protected":false},"excerpt":{"rendered":"<p>TURKISH: Bu ileti gizli bilgi i\u00e7ermektedir ve yaln\u0131zca ad\u0131 ge\u00e7en ki\u015fiye g\u00f6nderilmek istenmi\u015ftir. E\u011fer siz ad\u0131 ge\u00e7en al\u0131c\u0131 de\u011filseniz bu e-postay\u0131 yaymamal\u0131, da\u011f\u0131tmamal\u0131 ve kopyalamamal\u0131s\u0131n\u0131z. E\u011fer bu e-postaya yanl\u0131\u015fl\u0131kla alm\u0131\u015fsan\u0131z, l\u00fctfen g\u00f6ndereni e-posta yoluyla ivedilikle haberdar ediniz ve bu e-postay\u0131 sisteminizden siliniz. Bilgi engellenmi\u015f, bozulmu\u015f, kaybedilmi\u015f, yok edilmi\u015f ge\u00e7 ya da eksik ula\u015fm\u0131\u015f olabilece\u011finden ya &hellip; <a href=\"https:\/\/letgenbio.com\/en\/email-communication-privacy-and-disclosure-text\/\" class=\"more-link\" title=\"Continue reading <span class=\"screen-reader-text\">Email Communication Privacy and Disclosure Text<\/span>&#8220;>Continue reading <span class=\"screen-reader-text\">Email Communication Privacy and Disclosure Text<\/span><\/a><\/p>\n","protected":false},"author":1,"featured_media":0,"parent":0,"menu_order":0,"comment_status":"closed","ping_status":"closed","template":"elementor_header_footer","meta":{"inline_featured_image":false,"footnotes":""},"class_list":["post-3157","page","type-page","status-publish","hentry"],"_links":{"self":[{"href":"https:\/\/letgenbio.com\/en\/wp-json\/wp\/v2\/pages\/3157","targetHints":{"allow":["GET"]}}],"collection":[{"href":"https:\/\/letgenbio.com\/en\/wp-json\/wp\/v2\/pages"}],"about":[{"href":"https:\/\/letgenbio.com\/en\/wp-json\/wp\/v2\/types\/page"}],"author":[{"embeddable":true,"href":"https:\/\/letgenbio.com\/en\/wp-json\/wp\/v2\/users\/1"}],"replies":[{"embeddable":true,"href":"https:\/\/letgenbio.com\/en\/wp-json\/wp\/v2\/comments?post=3157"}],"version-history":[{"count":0,"href":"https:\/\/letgenbio.com\/en\/wp-json\/wp\/v2\/pages\/3157\/revisions"}],"wp:attachment":[{"href":"https:\/\/letgenbio.com\/en\/wp-json\/wp\/v2\/media?parent=3157"}],"curies":[{"name":"wp","href":"https:\/\/api.w.org\/{rel}","templated":true}]}}