{"id":3151,"date":"2025-09-01T21:52:37","date_gmt":"2025-09-01T18:52:37","guid":{"rendered":"https:\/\/letgenbio.com\/devices-and-spare-parts\/"},"modified":"2025-10-03T00:13:44","modified_gmt":"2025-10-02T21:13:44","slug":"devices-and-spare-parts","status":"publish","type":"page","link":"https:\/\/letgenbio.com\/en\/devices-and-spare-parts\/","title":{"rendered":"Devices and Spare Parts"},"content":{"rendered":"\t\t<div data-elementor-type=\"wp-page\" data-elementor-id=\"3151\" class=\"elementor elementor-3151 elementor-1333\">\n\t\t\t\t\t\t<section class=\"elementor-section elementor-top-section elementor-element elementor-element-db64168 ts-col-stretched-none ts-bg-color-over-image elementor-section-boxed elementor-section-height-default elementor-section-height-default\" data-id=\"db64168\" data-element_type=\"section\">\n\t\t\t\t\t\t<div class=\"elementor-container elementor-column-gap-default\">\n\t\t\t\t\t<div class=\"elementor-column elementor-col-100 elementor-top-column elementor-element elementor-element-fa68e05 ts-bg-color-over-image\" data-id=\"fa68e05\" data-element_type=\"column\">\n\t\t\t<div class=\"elementor-widget-wrap elementor-element-populated\">\n\t\t\t\t\t\t<div class=\"elementor-element elementor-element-4a33a0f elementor-widget elementor-widget-shortcode\" data-id=\"4a33a0f\" data-element_type=\"widget\" data-widget_type=\"shortcode.default\">\n\t\t\t\t<div class=\"elementor-widget-container\">\n\t\t\t\t\t\t\t<div class=\"elementor-shortcode\"><div id=\"footable_parent_1281\"\n         class=\" footable_parent ninja_table_wrapper loading_ninja_table wp_table_data_press_parent semantic_ui \">\n                <table data-ninja_table_instance=\"ninja_table_instance_0\" data-footable_id=\"1281\" data-filter-delay=\"1000\" aria-label=\"Cihazlar_ve_Yedek_Parcalar_duzgun.csv\"            id=\"footable_1281\"\n           data-unique_identifier=\"ninja_table_unique_id_1925193003_1281\"\n           class=\" foo-table ninja_footable foo_table_1281 ninja_table_unique_id_1925193003_1281 ui table  ninja_search_right nt_type_ajax_table fixed selectable celled striped compact vertical_centered  footable-paging-right\">\n                <colgroup>\n                            <col class=\"ninja_column_0 \">\n                            <col class=\"ninja_column_1 \">\n                            <col class=\"ninja_column_2 \">\n                            <col class=\"ninja_column_3 \">\n                    <\/colgroup>\n            <\/table>\n    \n    \n    \n<\/div>\n<\/div>\n\t\t\t\t\t\t<\/div>\n\t\t\t\t<\/div>\n\t\t\t\t\t<\/div>\n\t\t<\/div>\n\t\t\t\t\t<\/div>\n\t\t<\/section>\n\t\t\t\t<section class=\"elementor-section elementor-top-section elementor-element elementor-element-1ccc4cf ts-col-stretched-none ts-bg-color-over-image elementor-section-boxed elementor-section-height-default elementor-section-height-default\" data-id=\"1ccc4cf\" data-element_type=\"section\">\n\t\t\t\t\t\t<div class=\"elementor-container elementor-column-gap-default\">\n\t\t\t\t\t<div class=\"elementor-column elementor-col-100 elementor-top-column elementor-element elementor-element-eeb57cf ts-bg-color-over-image\" data-id=\"eeb57cf\" data-element_type=\"column\">\n\t\t\t<div class=\"elementor-widget-wrap elementor-element-populated\">\n\t\t\t\t\t\t<div class=\"elementor-element elementor-element-947cb05 elementor-widget elementor-widget-html\" data-id=\"947cb05\" data-element_type=\"widget\" data-widget_type=\"html.default\">\n\t\t\t\t<div class=\"elementor-widget-container\">\n\t\t\t\t\t<script>(function() {\n  const q = new URLSearchParams(location.search).get('q');\n  if (!q) {\n    return;\n  }\n  console.log(`[SON KALE] Filtreleme g\u00f6revi haz\u0131r. Aranan: \"${q}\"`);\n\n  const targetSelector = 'input[placeholder=\"Search\"]';\n\n  const timeoutHandle = setTimeout(() => {\n    observer.disconnect();\n    console.error(`[SON KALE] Zaman a\u015f\u0131m\u0131: Arama kutusu bulunamad\u0131.`);\n  }, 15000);\n\n  const observer = new MutationObserver((mutations, obs) => {\n    const searchInput = document.querySelector(targetSelector);\n    if (searchInput) {\n      console.log('[SON KALE] Arama kutusu bulundu. Son sald\u0131r\u0131 i\u00e7in haz\u0131rlan\u0131l\u0131yor...');\n      \n      clearTimeout(timeoutHandle);\n      obs.disconnect();\n\n      setTimeout(() => {\n        console.log('[SON KALE] T\u00fcm tetikleyiciler ate\u015fleniyor!');\n        \n        searchInput.value = q;\n        searchInput.dispatchEvent(new Event('input', { bubbles: true }));\n\n        \/\/ 1. NORMAL KEYUP TET\u0130KLEMES\u0130\n        searchInput.dispatchEvent(new Event('keyup', { bubbles: true }));\n        console.log('[SON KALE] Standart \"keyup\" olay\u0131 g\u00f6nderildi.');\n\n        \/\/ 2. ENTER TU\u015eU S\u0130M\u00dcLASYONU\n        const enterEvent = new KeyboardEvent('keydown', { bubbles: true, key: 'Enter', code: 'Enter', keyCode: 13, which: 13 });\n        searchInput.dispatchEvent(enterEvent);\n        console.log('[SON KALE] \"Enter\" tu\u015fu sim\u00fclasyonu g\u00f6nderildi.');\n\n        \/\/ 3. BUTON TIKLAMASI\n        const form = searchInput.closest('form');\n        if (form) {\n          \/\/ B\u00fcy\u00fcte\u00e7 butonunu bulmak i\u00e7in daha spesifik bir se\u00e7ici\n          const button = form.querySelector('button, .input-group-btn button');\n          if (button) {\n            button.click();\n            console.log('[SON KALE] B\u00fcy\u00fcte\u00e7 butonu t\u0131kland\u0131.');\n          }\n        }\n      }, 750); \/\/ Di\u011fer script'in kesinlikle haz\u0131r olmas\u0131 i\u00e7in s\u00fcreyi biraz daha art\u0131rd\u0131m.\n    }\n  });\n\n  observer.observe(document.body, {\n    childList: true,\n    subtree: true\n  });\n})();\n<\/script>\t\t\t\t<\/div>\n\t\t\t\t<\/div>\n\t\t\t\t\t<\/div>\n\t\t<\/div>\n\t\t\t\t\t<\/div>\n\t\t<\/section>\n\t\t\t\t<\/div>\n\t\t","protected":false},"excerpt":{"rendered":"","protected":false},"author":1,"featured_media":0,"parent":0,"menu_order":0,"comment_status":"closed","ping_status":"closed","template":"elementor_header_footer","meta":{"inline_featured_image":false,"footnotes":""},"class_list":["post-3151","page","type-page","status-publish","hentry"],"_links":{"self":[{"href":"https:\/\/letgenbio.com\/en\/wp-json\/wp\/v2\/pages\/3151","targetHints":{"allow":["GET"]}}],"collection":[{"href":"https:\/\/letgenbio.com\/en\/wp-json\/wp\/v2\/pages"}],"about":[{"href":"https:\/\/letgenbio.com\/en\/wp-json\/wp\/v2\/types\/page"}],"author":[{"embeddable":true,"href":"https:\/\/letgenbio.com\/en\/wp-json\/wp\/v2\/users\/1"}],"replies":[{"embeddable":true,"href":"https:\/\/letgenbio.com\/en\/wp-json\/wp\/v2\/comments?post=3151"}],"version-history":[{"count":0,"href":"https:\/\/letgenbio.com\/en\/wp-json\/wp\/v2\/pages\/3151\/revisions"}],"wp:attachment":[{"href":"https:\/\/letgenbio.com\/en\/wp-json\/wp\/v2\/media?parent=3151"}],"curies":[{"name":"wp","href":"https:\/\/api.w.org\/{rel}","templated":true}]}}