{"id":3147,"date":"2025-09-12T16:31:48","date_gmt":"2025-09-12T13:31:48","guid":{"rendered":"https:\/\/letgenbio.com\/blog\/"},"modified":"2025-10-16T16:51:36","modified_gmt":"2025-10-16T13:51:36","slug":"blog","status":"publish","type":"page","link":"https:\/\/letgenbio.com\/en\/blog\/","title":{"rendered":"Blog"},"content":{"rendered":"\t\t<div data-elementor-type=\"wp-page\" data-elementor-id=\"3147\" class=\"elementor elementor-3147 elementor-2238\">\n\t\t\t\t\t\t<section class=\"elementor-section elementor-top-section elementor-element elementor-element-805f973 ts-col-stretched-none ts-bg-color-over-image elementor-section-boxed elementor-section-height-default elementor-section-height-default\" data-id=\"805f973\" data-element_type=\"section\">\n\t\t\t\t\t\t<div class=\"elementor-container elementor-column-gap-default\">\n\t\t\t\t\t<div class=\"elementor-column elementor-col-100 elementor-top-column elementor-element elementor-element-330c2dd ts-bg-color-over-image\" data-id=\"330c2dd\" data-element_type=\"column\">\n\t\t\t<div class=\"elementor-widget-wrap elementor-element-populated\">\n\t\t\t\t\t\t<div class=\"elementor-element elementor-element-c68758e ts-btn-shape-rounded elementor-align-center elementor-widget__width-auto ts-btn-color-skincolor ts-btn-style-flat elementor-widget elementor-widget-button\" data-id=\"c68758e\" data-element_type=\"widget\" data-widget_type=\"button.default\">\n\t\t\t\t<div class=\"elementor-widget-container\">\n\t\t\t\t\t\t\t\t\t<div class=\"elementor-button-wrapper\">\n\t\t\t\t\t<a class=\"elementor-button elementor-button-link elementor-size-sm\" href=\"https:\/\/www.linkedin.com\/newsletters\/newsletter-7268247089808109569\/\" rel=\"nofollow noopener\" target=\"_blank\">\n\t\t\t\t\t\t<span class=\"elementor-button-content-wrapper\">\n\t\t\t\t\t\t<span class=\"elementor-button-icon\">\n\t\t\t\t<i aria-hidden=\"true\" class=\"fab fa-linkedin\"><\/i>\t\t\t<\/span>\n\t\t\t\t\t\t\t\t\t<span class=\"elementor-button-text\">LinkedIn Newsettler<\/span>\n\t\t\t\t\t<\/span>\n\t\t\t\t\t<\/a>\n\t\t\t\t<\/div>\n\t\t\t\t\t\t\t\t<\/div>\n\t\t\t\t<\/div>\n\t\t\t\t<div class=\"elementor-element elementor-element-f8494a1 ts-btn-shape-rounded elementor-align-center elementor-widget__width-auto ts-btn-color-skincolor ts-btn-style-flat elementor-widget elementor-widget-button\" data-id=\"f8494a1\" data-element_type=\"widget\" data-widget_type=\"button.default\">\n\t\t\t\t<div class=\"elementor-widget-container\">\n\t\t\t\t\t\t\t\t\t<div class=\"elementor-button-wrapper\">\n\t\t\t\t\t<a class=\"elementor-button elementor-button-link elementor-size-sm\" href=\"https:\/\/www.youtube.com\/@LetgenProYasamBilimleri\" rel=\"nofollow noopener\" target=\"_blank\">\n\t\t\t\t\t\t<span class=\"elementor-button-content-wrapper\">\n\t\t\t\t\t\t<span class=\"elementor-button-icon\">\n\t\t\t\t<i aria-hidden=\"true\" class=\"fab fa-youtube\"><\/i>\t\t\t<\/span>\n\t\t\t\t\t\t\t\t\t<span class=\"elementor-button-text\">YouTube Channel<\/span>\n\t\t\t\t\t<\/span>\n\t\t\t\t\t<\/a>\n\t\t\t\t<\/div>\n\t\t\t\t\t\t\t\t<\/div>\n\t\t\t\t<\/div>\n\t\t\t\t\t<\/div>\n\t\t<\/div>\n\t\t\t\t\t<\/div>\n\t\t<\/section>\n\t\t\t\t<section class=\"elementor-section elementor-top-section elementor-element elementor-element-805156b ts-col-stretched-none ts-bg-color-over-image elementor-section-boxed elementor-section-height-default elementor-section-height-default\" data-id=\"805156b\" data-element_type=\"section\">\n\t\t\t\t\t\t<div class=\"elementor-container elementor-column-gap-default\">\n\t\t\t\t\t<div class=\"elementor-column elementor-col-100 elementor-top-column elementor-element elementor-element-e610aa4 ts-bg-color-over-image\" data-id=\"e610aa4\" data-element_type=\"column\">\n\t\t\t<div class=\"elementor-widget-wrap elementor-element-populated\">\n\t\t\t\t\t\t<div class=\"elementor-element elementor-element-0f76183 elementor-widget elementor-widget-html\" data-id=\"0f76183\" data-element_type=\"widget\" data-widget_type=\"html.default\">\n\t\t\t\t<div class=\"elementor-widget-container\">\n\t\t\t\t\t<!-- ===== LETBIO: Yatay Haber \u015eeridi (WPML) ===== -->\n<div id=\"letbio-ticker\"\n     data-count=\"10\"\n     data-cats=\"\"\n     data-tags=\"\"\n     data-days-new=\"45\"\n     data-pps=\"36\"\n     data-lang=\"en\"\n     data-label-en=\"NEW\"\n     data-label-tr=\"YEN\u0130\">\n  <div class=\"lb-wrap\">\n    <div class=\"lb-pill\">NEW<\/div>\n    <div class=\"lb-viewport\" aria-live=\"polite\">\n      <div class=\"lb-track\"><\/div>\n    <\/div>\n  <\/div>\n<\/div>\n\n<style>\n  #letbio-ticker{font:14px\/1.4 Inter,system-ui,-apple-system,\"Segoe UI\",Roboto,Arial,sans-serif}\n  #letbio-ticker .lb-wrap{\n    display:flex;align-items:center;gap:14px;\n    background:#f3f4f6;border:1px solid #e5e7eb;border-radius:10px;\n    padding:10px 14px;box-shadow:0 2px 10px rgba(15,23,42,.04)\n  }\n  #letbio-ticker .lb-pill{\n    flex:0 0 auto;font-weight:800;font-size:12px;letter-spacing:.06em;text-transform:uppercase;\n    background:#0f172a;color:#fff;border-radius:6px;padding:6px 10px\n  }\n  #letbio-ticker .lb-viewport{position:relative;overflow:hidden;flex:1 1 auto;min-height:28px}\n  #letbio-ticker .lb-track{\n    display:flex;align-items:center;gap:24px;white-space:nowrap;will-change:transform\n  }\n  #letbio-ticker .item{display:inline-flex;align-items:center;gap:10px}\n  #letbio-ticker .item .title{color:#ff1d25;font-weight:800;text-decoration:none}\n  #letbio-ticker .item .title:hover{text-decoration:underline}\n  #letbio-ticker .item .date{font-size:12px;color:#94a3b8}\n  #letbio-ticker .item:not(:last-child)::after{\n    content:\"\";display:inline-block;width:1px;height:18px;background:#e2e8f0;margin-left:14px\n  }\n  @media (max-width:768px){ #letbio-ticker{font-size:13px} #letbio-ticker .lb-pill{display:none} }\n  @media (prefers-reduced-motion: reduce){\n    #letbio-ticker .lb-track{animation:none !important;transform:none !important}\n  }\n<\/style>\n\n<script>\n(function(){\n  const root = document.getElementById('letbio-ticker');\n  if(!root || root.dataset.ready === '1') return; root.dataset.ready = '1';\n\n  const pps       = +root.dataset.pps || 36;\n  const count     = +root.dataset.count || 8;\n  const newDays   = +root.dataset.daysNew || 30;\n  const lang      = (root.dataset.lang || 'en').trim().toLowerCase();\n  const catsSlugs = (root.dataset.cats||'').split(',').map(s=>s.trim()).filter(Boolean);\n  const tagsSlugs = (root.dataset.tags||'').split(',').map(s=>s.trim()).filter(Boolean);\n\n  \/\/ Rozet metni\n  const labelEN = root.dataset.labelEn || 'NEW';\n  const labelTR = root.dataset.labelTr || 'YEN\u0130';\n  root.querySelector('.lb-pill').textContent = (lang==='en'?labelEN:labelTR);\n\n  \/\/ REST taban\u0131\n  const base = (location.origin.replace(\/\\\/$\/,'') + '\/wp-json\/wp\/v2');\n\n  \/\/ WPML dili enjekte\n  const withLang = (params={}) => Object.assign({}, params, { wpml_language: lang });\n\n  const api = (path, params={})=>{\n    const qs = new URLSearchParams(withLang(params));\n    return fetch(`${base}\/${path}?${qs.toString()}`, {credentials:'same-origin'})\n      .then(r=>r.ok ? r.json() : Promise.reject(r.status));\n  };\n\n  async function slugsToIds(type, slugs){\n    if(!slugs.length) return [];\n    const data = await api(type, {_fields:'id,slug', per_page:100, slug: slugs.join(',')});\n    const map = Object.fromEntries(data.map(d=>[d.slug,d.id]));\n    return slugs.map(s=>map[s]).filter(Boolean);\n  }\n\n  const locale = (lang==='en'?'en-US':(lang==='tr'?'tr-TR':lang));\n  const fmtDate = iso => new Date(iso).toLocaleDateString(locale,{month:'short',day:'numeric',year:'numeric'});\n  const isNew = iso => ((Date.now()-new Date(iso).getTime())\/86400000) <= newDays;\n\n  function buildItem(p){\n    const t = p.title.rendered.replace(\/<[^>]*>\/g,'').replace(\/\\s+\/g,' ').trim();\n    const el = document.createElement('div');\n    el.className = 'item';\n    el.innerHTML = `<a class=\"title\" href=\"${p.link}\" title=\"${t.replace(\/\"\/g,'&quot;')}\">${t}<\/a><span class=\"date\">${fmtDate(p.date)}<\/span>`;\n    return el;\n  }\n\n  function animate(track){\n    const seq = document.createElement('div');\n    const clone = document.createElement('div');\n    seq.className = 'lb-seq'; clone.className = 'lb-seq';\n    const frag = document.createDocumentFragment();\n    [...track.children].forEach(c=>seq.appendChild(c));\n    clone.innerHTML = seq.innerHTML;\n    frag.appendChild(seq); frag.appendChild(clone);\n    track.innerHTML = ''; track.appendChild(frag);\n\n    requestAnimationFrame(()=>{\n      const w = seq.scrollWidth;\n      const dur = Math.max(10, w \/ pps);\n      const name = 'lbMove_'+Math.random().toString(36).slice(2);\n      const style = document.createElement('style');\n      style.textContent =\n        `@keyframes ${name}{0%{transform:translateX(0)}100%{transform:translateX(-${w}px)}}`+\n        `#letbio-ticker .lb-track{animation:${name} ${dur}s linear infinite}`+\n        `#letbio-ticker .lb-track:hover{animation-play-state:paused}`;\n      document.head.appendChild(style);\n    });\n  }\n\n  (async function init(){\n    try{\n      const [catIds, tagIds] = await Promise.all([\n        slugsToIds('categories', catsSlugs),\n        slugsToIds('tags', tagsSlugs)\n      ]);\n\n      const params = {\n        per_page: count, page: 1, status: 'publish',\n        _fields: 'id,link,title.rendered,date',\n        orderby: 'date', order: 'desc', sticky: false\n      };\n      if(catIds.length) params.categories = catIds.join(',');\n      if(tagIds.length) params.tags = tagIds.join(',');\n\n      const posts = await api('posts', params);\n      const track = root.querySelector('.lb-track');\n\n      if(Array.isArray(posts) && posts.length){\n        const frag = document.createDocumentFragment();\n        posts.forEach(p=>frag.appendChild(buildItem(p)));\n        track.appendChild(frag);\n        animate(track);\n      }else{\n        track.innerHTML = `<span class=\"item\"><em>${lang==='en'?'No posts found.':'Listelenecek yaz\u0131 bulunamad\u0131.'}<\/em><\/span>`;\n      }\n    }catch(e){\n      console.error('ticker', e);\n      root.querySelector('.lb-track').innerHTML =\n        `<span class=\"item\"><em>${lang==='en'?'Ticker failed to load.':'Ak\u0131\u015f y\u00fcklenemedi.'}<\/em><\/span>`;\n    }\n  })();\n})();\n<\/script>\n<!-- ===== \/LETBIO ===== -->\n\t\t\t\t<\/div>\n\t\t\t\t<\/div>\n\t\t\t\t<div class=\"elementor-element elementor-element-5892ae2 elementor-widget elementor-widget-shortcode\" data-id=\"5892ae2\" data-element_type=\"widget\" data-widget_type=\"shortcode.default\">\n\t\t\t\t<div class=\"elementor-widget-container\">\n\t\t\t\t\t\t\t<div class=\"elementor-shortcode\">    <div class=\"md-filter-wrap\">\r\n      <h3 class=\"md-filter-title\">Categories<\/h3>\r\n      <div class=\"md-filterbar\" role=\"tablist\" aria-label=\"Category Filter\">\r\n        <a class=\"md-chip is-active\" href=\"https:\/\/letgenbio.com\/en\/wp-json\/wp\/v2\/pages\/3147\/\" role=\"tab\" aria-selected=\"true\">All<\/a>\r\n                  <a class=\"md-chip \" href=\"https:\/\/letgenbio.com\/en\/wp-json\/wp\/v2\/pages\/3147\/?cat=general\" role=\"tab\" aria-selected=\"false\">\r\n            General            <span class=\"md-count\">16<\/span>\r\n          <\/a>\r\n                  <a class=\"md-chip \" href=\"https:\/\/letgenbio.com\/en\/wp-json\/wp\/v2\/pages\/3147\/?cat=newsletter\" role=\"tab\" aria-selected=\"false\">\r\n            Newsletter            <span class=\"md-count\">19<\/span>\r\n          <\/a>\r\n                  <a class=\"md-chip \" href=\"https:\/\/letgenbio.com\/en\/wp-json\/wp\/v2\/pages\/3147\/?cat=video-en\" role=\"tab\" aria-selected=\"false\">\r\n            Video            <span class=\"md-count\">1<\/span>\r\n          <\/a>\r\n              <\/div>\r\n    <\/div>\r\n    <div class=\"md-mosaic-blog\">\r\n          <article class=\"md-item theme-red \">\r\n        <a class=\"md-media\" href=\"https:\/\/letgenbio.com\/en\/next-generation-isolation-technology-for-reliable-bev-research-from-norgen-biotek\/\" aria-label=\"NEXT-GENERATION ISOLATION TECHNOLOGY FOR RELIABLE bEV RESEARCH FROM NORGEN BIOTEK\">\r\n          <img src=\"https:\/\/letgenbio.com\/wp-content\/uploads\/2025\/11\/Norgen-Newsletter-1-1024x536.png\" alt=\"\" loading=\"lazy\" decoding=\"async\" title=\"\">\r\n        <\/a>\r\n        <div class=\"md-body\">\r\n          <div class=\"md-meta\">\r\n            <span class=\"md-badge\">General<\/span>            <time datetime=\"2025-11-13T10:46:33+03:00\">November 13, 2025<\/time>\r\n          <\/div>\r\n          <h2 class=\"md-title\"><a href=\"https:\/\/letgenbio.com\/en\/next-generation-isolation-technology-for-reliable-bev-research-from-norgen-biotek\/\">NEXT-GENERATION ISOLATION TECHNOLOGY FOR RELIABLE bEV RESEARCH FROM NORGEN BIOTEK<\/a><\/h2>\r\n                      <p class=\"md-excerpt\">Bacterial Extracellular Vesicles: An Emerging Field in Microbiology In recent&hellip;<\/p>\r\n                  <\/div>\r\n      <\/article>\r\n          <article class=\"md-item theme-blue \">\r\n        <a class=\"md-media\" href=\"https:\/\/letgenbio.com\/en\/what-you-wonder-about-microsynth-products-coffee-break-chats-1\/\" aria-label=\"What You Wonder About Microsynth Products | Coffee Break Chats #1\">\r\n          <img src=\"https:\/\/letgenbio.com\/wp-content\/uploads\/2025\/10\/maxresdefault-1760626537-1024x576.jpg\" alt=\"\" loading=\"lazy\" decoding=\"async\" title=\"\">\r\n        <\/a>\r\n        <div class=\"md-body\">\r\n          <div class=\"md-meta\">\r\n            <span class=\"md-badge\">Video<\/span>            <time datetime=\"2025-10-16T17:53:43+03:00\">October 16, 2025<\/time>\r\n          <\/div>\r\n          <h2 class=\"md-title\"><a href=\"https:\/\/letgenbio.com\/en\/what-you-wonder-about-microsynth-products-coffee-break-chats-1\/\">What You Wonder About Microsynth Products | Coffee Break Chats #1<\/a><\/h2>\r\n                      <p class=\"md-excerpt\"><\/p>\r\n                  <\/div>\r\n      <\/article>\r\n          <article class=\"md-item theme-white \">\r\n        <a class=\"md-media\" href=\"https:\/\/letgenbio.com\/en\/the-silent-engines-of-biology-an-era-of-precision-and-efficiency-begins-with-enzymes\/\" aria-label=\"THE SILENT ENGINES OF BIOLOGY: AN ERA OF PRECISION AND EFFICIENCY BEGINS WITH ENZYMES!\">\r\n          <img src=\"https:\/\/letgenbio.com\/wp-content\/uploads\/2025\/11\/Biyolojinin-Sessiz-Motorlari-Enzimlerle-Hassasiyet-ve-Verimlilik-Cagi-Basliyor.jpg\" alt=\"\" loading=\"lazy\" decoding=\"async\" title=\"\">\r\n        <\/a>\r\n        <div class=\"md-body\">\r\n          <div class=\"md-meta\">\r\n            <span class=\"md-badge\">General<\/span>            <time datetime=\"2025-08-25T15:52:52+03:00\">August 25, 2025<\/time>\r\n          <\/div>\r\n          <h2 class=\"md-title\"><a href=\"https:\/\/letgenbio.com\/en\/the-silent-engines-of-biology-an-era-of-precision-and-efficiency-begins-with-enzymes\/\">THE SILENT ENGINES OF BIOLOGY: AN ERA OF PRECISION AND EFFICIENCY BEGINS WITH ENZYMES!<\/a><\/h2>\r\n                      <p class=\"md-excerpt\">Life operates with extraordinary precision, where billions of reactions unfold&hellip;<\/p>\r\n                  <\/div>\r\n      <\/article>\r\n          <article class=\"md-item theme-red \">\r\n        <a class=\"md-media\" href=\"https:\/\/letgenbio.com\/en\/how-does-the-forests-immune-system-collapse-the-hidden-biology-behind-the-fire\/\" aria-label=\"How Does the Forest&#8217;s Immune System Collapse? The Hidden Biology Behind the Fire.\">\r\n          <img src=\"https:\/\/letgenbio.com\/wp-content\/uploads\/2025\/07\/Ormanin-Bagisiklik-Sistemi-Nasil-Coker-Yanginin-Ardindaki-Gizli-Biyoloji.jpg\" alt=\"\" loading=\"lazy\" decoding=\"async\" title=\"\">\r\n        <\/a>\r\n        <div class=\"md-body\">\r\n          <div class=\"md-meta\">\r\n            <span class=\"md-badge\">General<\/span>            <time datetime=\"2025-07-09T15:04:32+03:00\">July 9, 2025<\/time>\r\n          <\/div>\r\n          <h2 class=\"md-title\"><a href=\"https:\/\/letgenbio.com\/en\/how-does-the-forests-immune-system-collapse-the-hidden-biology-behind-the-fire\/\">How Does the Forest&#8217;s Immune System Collapse? The Hidden Biology Behind the Fire.<\/a><\/h2>\r\n                      <p class=\"md-excerpt\">As Letgen Biotechnology, we understand how delicately balanced living systems&hellip;<\/p>\r\n                  <\/div>\r\n      <\/article>\r\n          <article class=\"md-item theme-blue tint-blue\">\r\n        <a class=\"md-media\" href=\"https:\/\/letgenbio.com\/en\/medicine-of-the-future-and-more-our-exosome-discovery-series-begins\/\" aria-label=\"MEDICINE OF THE FUTURE AND MORE: OUR EXOSOME DISCOVERY SERIES BEGINS!\">\r\n          <img src=\"https:\/\/letgenbio.com\/wp-content\/uploads\/2025\/06\/Gelecegin-Tibbi-ve-Daha-Fazlasi-Eksozom-Kesif-Serimiz-Basliyor.jpg\" alt=\"\" loading=\"lazy\" decoding=\"async\" title=\"\">\r\n        <\/a>\r\n        <div class=\"md-body\">\r\n          <div class=\"md-meta\">\r\n            <span class=\"md-badge\">General<\/span>            <time datetime=\"2025-06-27T14:57:43+03:00\">June 27, 2025<\/time>\r\n          <\/div>\r\n          <h2 class=\"md-title\"><a href=\"https:\/\/letgenbio.com\/en\/medicine-of-the-future-and-more-our-exosome-discovery-series-begins\/\">MEDICINE OF THE FUTURE AND MORE: OUR EXOSOME DISCOVERY SERIES BEGINS!<\/a><\/h2>\r\n                      <p class=\"md-excerpt\">The molecular language of cancer is now better understood. One&hellip;<\/p>\r\n                  <\/div>\r\n      <\/article>\r\n          <article class=\"md-item theme-white \">\r\n        <a class=\"md-media\" href=\"https:\/\/letgenbio.com\/en\/new-standard-in-wastewater-monitoring-from-roche-digital-lightcycler-dpcr-system\/\" aria-label=\"NEW STANDARD IN WASTEWATER MONITORING FROM ROCHE: DIGITAL LIGHTCYCLER\u00ae DPCR SYSTEM\">\r\n          <img src=\"https:\/\/letgenbio.com\/wp-content\/uploads\/2025\/09\/Rochetan-Atik-Su-Gozetiminde-Yeni-Standart-Digital-LightCycler-dPCR-Sistemi.png\" alt=\"\" loading=\"lazy\" decoding=\"async\" title=\"\">\r\n        <\/a>\r\n        <div class=\"md-body\">\r\n          <div class=\"md-meta\">\r\n            <span class=\"md-badge\">General<\/span>            <time datetime=\"2025-06-13T13:37:01+03:00\">June 13, 2025<\/time>\r\n          <\/div>\r\n          <h2 class=\"md-title\"><a href=\"https:\/\/letgenbio.com\/en\/new-standard-in-wastewater-monitoring-from-roche-digital-lightcycler-dpcr-system\/\">NEW STANDARD IN WASTEWATER MONITORING FROM ROCHE: DIGITAL LIGHTCYCLER\u00ae DPCR SYSTEM<\/a><\/h2>\r\n                      <p class=\"md-excerpt\">While traditional epidemiological methods often focus on symptomatic individuals, asymptomatic&hellip;<\/p>\r\n                  <\/div>\r\n      <\/article>\r\n          <article class=\"md-item theme-red \">\r\n        <a class=\"md-media\" href=\"https:\/\/letgenbio.com\/en\/the-sequencing-platform-of-the-future-roche-sequencing-by-expansion-sbx\/\" aria-label=\"THE SEQUENCING PLATFORM OF THE FUTURE: ROCHE SEQUENCING BY EXPANSION (SBX)\">\r\n          <img src=\"https:\/\/letgenbio.com\/wp-content\/uploads\/2025\/09\/Gelecegin-Dizileme-Platformu-Roche-Genisleme-Yoluyla-Dizileme-Sequencing-by-Expansion-SBX.jpg\" alt=\"\" loading=\"lazy\" decoding=\"async\" title=\"\">\r\n        <\/a>\r\n        <div class=\"md-body\">\r\n          <div class=\"md-meta\">\r\n            <span class=\"md-badge\">General<\/span>            <time datetime=\"2025-05-30T13:32:18+03:00\">May 30, 2025<\/time>\r\n          <\/div>\r\n          <h2 class=\"md-title\"><a href=\"https:\/\/letgenbio.com\/en\/the-sequencing-platform-of-the-future-roche-sequencing-by-expansion-sbx\/\">THE SEQUENCING PLATFORM OF THE FUTURE: ROCHE SEQUENCING BY EXPANSION (SBX)<\/a><\/h2>\r\n                      <p class=\"md-excerpt\">Genetic sequencing has become an essential tool in a wide&hellip;<\/p>\r\n                  <\/div>\r\n      <\/article>\r\n          <article class=\"md-item theme-blue \">\r\n        <a class=\"md-media\" href=\"https:\/\/letgenbio.com\/en\/neat1-and-genome-stability-a-new-perspective-on-dna-damage-response\/\" aria-label=\"NEAT1 AND GENOME STABILITY: A NEW PERSPECTIVE ON DNA DAMAGE RESPONSE\">\r\n          <img src=\"https:\/\/letgenbio.com\/wp-content\/uploads\/2025\/09\/NEAT1-ve-Genom-Stabilitesi-DNA-Hasar-Yanitinda-Yeni-Bir-Perspektif.jpg\" alt=\"\" loading=\"lazy\" decoding=\"async\" title=\"\">\r\n        <\/a>\r\n        <div class=\"md-body\">\r\n          <div class=\"md-meta\">\r\n            <span class=\"md-badge\">General<\/span>            <time datetime=\"2025-05-02T13:28:24+03:00\">May 2, 2025<\/time>\r\n          <\/div>\r\n          <h2 class=\"md-title\"><a href=\"https:\/\/letgenbio.com\/en\/neat1-and-genome-stability-a-new-perspective-on-dna-damage-response\/\">NEAT1 AND GENOME STABILITY: A NEW PERSPECTIVE ON DNA DAMAGE RESPONSE<\/a><\/h2>\r\n                      <p class=\"md-excerpt\">A new study reveals the surprising role of NEAT1(Nuclear Paraspeckle&hellip;<\/p>\r\n                  <\/div>\r\n      <\/article>\r\n          <article class=\"md-item theme-white \">\r\n        <a class=\"md-media\" href=\"https:\/\/letgenbio.com\/en\/diagnosis-and-biosafety-in-poultry-sector\/\" aria-label=\"DIAGNOSIS AND BIOSAFETY IN POULTRY SECTOR\">\r\n          <img src=\"https:\/\/letgenbio.com\/wp-content\/uploads\/2025\/09\/Kanatli-Sektorunde-Tani-ve-Biyoguvenlik.jpg\" alt=\"\" loading=\"lazy\" decoding=\"async\" title=\"\">\r\n        <\/a>\r\n        <div class=\"md-body\">\r\n          <div class=\"md-meta\">\r\n            <span class=\"md-badge\">General<\/span>            <time datetime=\"2025-04-18T13:24:17+03:00\">April 18, 2025<\/time>\r\n          <\/div>\r\n          <h2 class=\"md-title\"><a href=\"https:\/\/letgenbio.com\/en\/diagnosis-and-biosafety-in-poultry-sector\/\">DIAGNOSIS AND BIOSAFETY IN POULTRY SECTOR<\/a><\/h2>\r\n                      <p class=\"md-excerpt\">Poultry diseases often progress silently. A small drop in production,&hellip;<\/p>\r\n                  <\/div>\r\n      <\/article>\r\n          <article class=\"md-item theme-red tint-red\">\r\n        <a class=\"md-media\" href=\"https:\/\/letgenbio.com\/en\/phage-dna-isolation\/\" aria-label=\"PHAGE DNA ISOLATION\">\r\n          <img src=\"https:\/\/letgenbio.com\/wp-content\/uploads\/2025\/09\/Phage-DNA-Izolasyonu.jpg\" alt=\"\" loading=\"lazy\" decoding=\"async\" title=\"\">\r\n        <\/a>\r\n        <div class=\"md-body\">\r\n          <div class=\"md-meta\">\r\n            <span class=\"md-badge\">General<\/span>            <time datetime=\"2025-04-11T13:21:55+03:00\">April 11, 2025<\/time>\r\n          <\/div>\r\n          <h2 class=\"md-title\"><a href=\"https:\/\/letgenbio.com\/en\/phage-dna-isolation\/\">PHAGE DNA ISOLATION<\/a><\/h2>\r\n                      <p class=\"md-excerpt\">Advantages and Unique Aspects Unrivaled Performance: Why? Norgen Biotek ?&hellip;<\/p>\r\n                  <\/div>\r\n      <\/article>\r\n          <article class=\"md-item theme-blue \">\r\n        <a class=\"md-media\" href=\"https:\/\/letgenbio.com\/en\/viruses-cant-be-seen-but-can-be-measured\/\" aria-label=\"VIRUSES : CAN&#8217;T BE SEEN BUT CAN BE MEASURED\">\r\n          <img src=\"https:\/\/letgenbio.com\/wp-content\/uploads\/2025\/09\/Virusler-Gorulemez-ama-Olculebilir.jpg\" alt=\"\" loading=\"lazy\" decoding=\"async\" title=\"\">\r\n        <\/a>\r\n        <div class=\"md-body\">\r\n          <div class=\"md-meta\">\r\n            <span class=\"md-badge\">General<\/span>            <time datetime=\"2025-03-28T13:17:17+03:00\">March 28, 2025<\/time>\r\n          <\/div>\r\n          <h2 class=\"md-title\"><a href=\"https:\/\/letgenbio.com\/en\/viruses-cant-be-seen-but-can-be-measured\/\">VIRUSES : CAN&#8217;T BE SEEN BUT CAN BE MEASURED<\/a><\/h2>\r\n                      <p class=\"md-excerpt\">Viruses are among the most interesting structures that question the&hellip;<\/p>\r\n                  <\/div>\r\n      <\/article>\r\n      <\/div>\r\n\r\n      <nav class=\"md-pagination\" role=\"navigation\" aria-label=\"Blog navigation\"><ul class='page-numbers'>\n\t<li><span aria-current=\"page\" class=\"page-numbers current\">1<\/span><\/li>\n\t<li><a class=\"page-numbers\" href=\"https:\/\/letgenbio.com\/en\/wp-json\/wp\/v2\/pages\/3147\/page\/2\/\">2<\/a><\/li>\n\t<li><span class=\"page-numbers dots\">&hellip;<\/span><\/li>\n\t<li><a class=\"page-numbers\" href=\"https:\/\/letgenbio.com\/en\/wp-json\/wp\/v2\/pages\/3147\/page\/4\/\">4<\/a><\/li>\n\t<li><a class=\"next page-numbers\" href=\"https:\/\/letgenbio.com\/en\/wp-json\/wp\/v2\/pages\/3147\/page\/2\/\">\u203a<\/a><\/li>\n<\/ul>\n<\/nav>  <\/div>\n\t\t\t\t\t\t<\/div>\n\t\t\t\t<\/div>\n\t\t\t\t\t<\/div>\n\t\t<\/div>\n\t\t\t\t\t<\/div>\n\t\t<\/section>\n\t\t\t\t<\/div>\n\t\t","protected":false},"excerpt":{"rendered":"<p>LinkedIn Newsettler YouTube Channel NEW<\/p>\n","protected":false},"author":2,"featured_media":0,"parent":0,"menu_order":0,"comment_status":"closed","ping_status":"closed","template":"","meta":{"inline_featured_image":false,"footnotes":""},"class_list":["post-3147","page","type-page","status-publish","hentry"],"_links":{"self":[{"href":"https:\/\/letgenbio.com\/en\/wp-json\/wp\/v2\/pages\/3147","targetHints":{"allow":["GET"]}}],"collection":[{"href":"https:\/\/letgenbio.com\/en\/wp-json\/wp\/v2\/pages"}],"about":[{"href":"https:\/\/letgenbio.com\/en\/wp-json\/wp\/v2\/types\/page"}],"author":[{"embeddable":true,"href":"https:\/\/letgenbio.com\/en\/wp-json\/wp\/v2\/users\/2"}],"replies":[{"embeddable":true,"href":"https:\/\/letgenbio.com\/en\/wp-json\/wp\/v2\/comments?post=3147"}],"version-history":[{"count":0,"href":"https:\/\/letgenbio.com\/en\/wp-json\/wp\/v2\/pages\/3147\/revisions"}],"wp:attachment":[{"href":"https:\/\/letgenbio.com\/en\/wp-json\/wp\/v2\/media?parent=3147"}],"curies":[{"name":"wp","href":"https:\/\/api.w.org\/{rel}","templated":true}]}}